{"id":342,"date":"2019-10-16T20:33:14","date_gmt":"2019-10-16T18:33:14","guid":{"rendered":"https:\/\/www.rudex.de\/?page_id=342"},"modified":"2019-10-16T20:33:14","modified_gmt":"2019-10-16T18:33:14","slug":"dairies","status":"publish","type":"page","link":"https:\/\/www.rudex.de\/en\/dairies\/","title":{"rendered":"Dairies"},"content":{"rendered":"<h2>Ceramic floors for dairies<\/h2>\n<p>Food processing companies working with animal products such as dairy products are subject to particularly strict regulations regarding soil conditions, which are laid down in the regulations on food hygiene and workplace safety, among other things. Milk and other substances are deposited on the floor in dairy plants and, together with the chemical cleaners, are used as a stress test for the floor covering. Normal floors cannot withstand these high loads. Plastic surfaces are attacked, concrete is difficult to clean due to its coarse pores and tiles cause problems due to insufficient load hardness and joints. Softer floors cannot withstand heavy loads from machines, trolleys and pallet trucks. Here you get the ideal floor for dairies, which can be used in all areas of a business, such as:<\/p>\n<ul>\n<li>Delivery area<\/li>\n<li>processing rooms<\/li>\n<li>storerooms<\/li>\n<li>packaging rooms<\/li>\n<li>Refrigeration and freezing rooms<\/li>\n<li>sanitary rooms<\/li>\n<li>lounges<\/li>\n<\/ul>\n<p>The floor coverings available here &#8211; in particular our porcelain stoneware &#8211; meet and exceed the legal requirements and ordinances, which regulate exactly for dairies how these must be made. Requirements can be found in BauA &#8211; Technischer Arbeitsschutz ASR A1, BGR I 12, Arbeitsst\u00e4tten-Richtlinie (ASR 8\/1), Arbeitssicherheitsinformation (ASI 4.40), the Lebensmittel- und Bedarfsgegenst\u00e4ndegesetz (LMBG), the Berufsgenossenschaftlichen Regel f\u00fcr Sicherheit und Gesundheit bei Arbeit f\u00fcr kontaminierte Bereiche (BGR 128), the Lebensmittelhygiene-Verordnung (LMHV). Examples are required:<\/p>\n<ul>\n<li>Durability and slip resistance<\/li>\n<li>Extreme hardness to protect against splintering<\/li>\n<li>Easy to clean, waterproof surfaces<\/li>\n<li>Bacteria-repellent acid, alkali and fat resistance<\/li>\n<li>Hygienic and resilient floors for dairies<\/li>\n<\/ul>\n<p>For you as a dairy owner, porcelain stoneware is recommended. It is fire-sealed, hard-wearing, easy to clean and provides full slip resistance. Porcelain stoneware cannot be electrostatically charged. Heavy equipment leaves no traces on these floor tiles as they allow a high point load. Due to the hard and densely fired ceramic material, water, milk, water, oils, fats or acids can still penetrate the floor surface, which prevents the colonisation of bacteria and makes cleaning child&#8217;s play.<\/p>\n<h3>The advantages of industrial floors for dairies:<\/h3>\n<ul>\n<li>Fast, precise and economical installation without joints<\/li>\n<li>Abrasion resistant<\/li>\n<li>fireproof<\/li>\n<li>Polished<\/li>\n<li>Colourfast<\/li>\n<li>Exceptional resilience<\/li>\n<li>Antistatic<\/li>\n<li>Water-, acid- and chemical-resistant<\/li>\n<li>slip-resistant<\/li>\n<li>Frost-resistant<\/li>\n<li>Optically appealing<\/li>\n<\/ul>\n<p>Take advantage of our know-how from more than 20 years of experience in the field of demanding industrial flooring for dairies. Simply make an appointment using our contact form or let us advise you in advance free of charge and without obligation.<\/p>\n<p>We will also be happy to send you a free product folder with which you can obtain an overview of our range of products in an attractive design.<\/p>\n","protected":false},"excerpt":{"rendered":"<p>Ceramic floors for dairies Food processing companies working with animal products such as dairy products are subject to particularly strict regulations regarding soil conditions, which are laid down in the regulations on food hygiene and workplace safety, among other things. Milk and other substances are deposited on the floor in dairy plants and, together with [&hellip;]<\/p>\n","protected":false},"author":1,"featured_media":0,"parent":0,"menu_order":0,"comment_status":"closed","ping_status":"closed","template":"","meta":[],"acf":[],"yoast_head":"<!-- This site is optimized with the Yoast SEO plugin v19.7.2 - https:\/\/yoast.com\/wordpress\/plugins\/seo\/ -->\n<title>\u1405 Industrial tiles for dairies - commercial tiles<\/title>\n<meta name=\"description\" content=\"Are you looking for commercial tiles for dairies? We have the suitable Instrief tiles for dairies! Contact us now.\" \/>\n<meta name=\"robots\" content=\"index, follow, max-snippet:-1, max-image-preview:large, max-video-preview:-1\" \/>\n<link rel=\"canonical\" href=\"https:\/\/www.rudex.de\/en\/dairies\/\" \/>\n<meta property=\"og:locale\" content=\"en_US\" \/>\n<meta property=\"og:type\" content=\"article\" \/>\n<meta property=\"og:title\" content=\"\u1405 Industrial tiles for dairies - commercial tiles\" \/>\n<meta property=\"og:description\" content=\"Are you looking for commercial tiles for dairies? We have the suitable Instrief tiles for dairies! Contact us now.\" \/>\n<meta property=\"og:url\" content=\"https:\/\/www.rudex.de\/en\/dairies\/\" \/>\n<meta property=\"og:site_name\" content=\"Rudex\" \/>\n<meta name=\"twitter:card\" content=\"summary_large_image\" \/>\n<meta name=\"twitter:label1\" content=\"Est. reading time\" \/>\n\t<meta name=\"twitter:data1\" content=\"2 minutes\" \/>\n<script type=\"application\/ld+json\" class=\"yoast-schema-graph\">{\"@context\":\"https:\/\/schema.org\",\"@graph\":[{\"@type\":\"WebPage\",\"@id\":\"https:\/\/www.rudex.de\/en\/dairies\/\",\"url\":\"https:\/\/www.rudex.de\/en\/dairies\/\",\"name\":\"\u1405 Industrial tiles for dairies - commercial tiles\",\"isPartOf\":{\"@id\":\"https:\/\/www.rudex.de\/en\/#website\"},\"datePublished\":\"2019-10-16T18:33:14+00:00\",\"dateModified\":\"2019-10-16T18:33:14+00:00\",\"description\":\"Are you looking for commercial tiles for dairies? We have the suitable Instrief tiles for dairies! Contact us now.\",\"breadcrumb\":{\"@id\":\"https:\/\/www.rudex.de\/en\/dairies\/#breadcrumb\"},\"inLanguage\":\"en-US\",\"potentialAction\":[{\"@type\":\"ReadAction\",\"target\":[\"https:\/\/www.rudex.de\/en\/dairies\/\"]}]},{\"@type\":\"BreadcrumbList\",\"@id\":\"https:\/\/www.rudex.de\/en\/dairies\/#breadcrumb\",\"itemListElement\":[{\"@type\":\"ListItem\",\"position\":1,\"name\":\"Startseite\",\"item\":\"https:\/\/www.rudex.de\/en\/\"},{\"@type\":\"ListItem\",\"position\":2,\"name\":\"Dairies\"}]},{\"@type\":\"WebSite\",\"@id\":\"https:\/\/www.rudex.de\/en\/#website\",\"url\":\"https:\/\/www.rudex.de\/en\/\",\"name\":\"Rudex\",\"description\":\"RUDEX IMPORT-EXPORT GMBH\",\"potentialAction\":[{\"@type\":\"SearchAction\",\"target\":{\"@type\":\"EntryPoint\",\"urlTemplate\":\"https:\/\/www.rudex.de\/en\/?s={search_term_string}\"},\"query-input\":\"required name=search_term_string\"}],\"inLanguage\":\"en-US\"}]}<\/script>\n<!-- \/ Yoast SEO plugin. -->","yoast_head_json":{"title":"\u1405 Industrial tiles for dairies - commercial tiles","description":"Are you looking for commercial tiles for dairies? We have the suitable Instrief tiles for dairies! Contact us now.","robots":{"index":"index","follow":"follow","max-snippet":"max-snippet:-1","max-image-preview":"max-image-preview:large","max-video-preview":"max-video-preview:-1"},"canonical":"https:\/\/www.rudex.de\/en\/dairies\/","og_locale":"en_US","og_type":"article","og_title":"\u1405 Industrial tiles for dairies - commercial tiles","og_description":"Are you looking for commercial tiles for dairies? We have the suitable Instrief tiles for dairies! Contact us now.","og_url":"https:\/\/www.rudex.de\/en\/dairies\/","og_site_name":"Rudex","twitter_card":"summary_large_image","twitter_misc":{"Est. reading time":"2 minutes"},"schema":{"@context":"https:\/\/schema.org","@graph":[{"@type":"WebPage","@id":"https:\/\/www.rudex.de\/en\/dairies\/","url":"https:\/\/www.rudex.de\/en\/dairies\/","name":"\u1405 Industrial tiles for dairies - commercial tiles","isPartOf":{"@id":"https:\/\/www.rudex.de\/en\/#website"},"datePublished":"2019-10-16T18:33:14+00:00","dateModified":"2019-10-16T18:33:14+00:00","description":"Are you looking for commercial tiles for dairies? We have the suitable Instrief tiles for dairies! Contact us now.","breadcrumb":{"@id":"https:\/\/www.rudex.de\/en\/dairies\/#breadcrumb"},"inLanguage":"en-US","potentialAction":[{"@type":"ReadAction","target":["https:\/\/www.rudex.de\/en\/dairies\/"]}]},{"@type":"BreadcrumbList","@id":"https:\/\/www.rudex.de\/en\/dairies\/#breadcrumb","itemListElement":[{"@type":"ListItem","position":1,"name":"Startseite","item":"https:\/\/www.rudex.de\/en\/"},{"@type":"ListItem","position":2,"name":"Dairies"}]},{"@type":"WebSite","@id":"https:\/\/www.rudex.de\/en\/#website","url":"https:\/\/www.rudex.de\/en\/","name":"Rudex","description":"RUDEX IMPORT-EXPORT GMBH","potentialAction":[{"@type":"SearchAction","target":{"@type":"EntryPoint","urlTemplate":"https:\/\/www.rudex.de\/en\/?s={search_term_string}"},"query-input":"required name=search_term_string"}],"inLanguage":"en-US"}]}},"_links":{"self":[{"href":"https:\/\/www.rudex.de\/en\/wp-json\/wp\/v2\/pages\/342\/"}],"collection":[{"href":"https:\/\/www.rudex.de\/en\/wp-json\/wp\/v2\/pages\/"}],"about":[{"href":"https:\/\/www.rudex.de\/en\/wp-json\/wp\/v2\/types\/page\/"}],"author":[{"embeddable":true,"href":"https:\/\/www.rudex.de\/en\/wp-json\/wp\/v2\/users\/1\/"}],"replies":[{"embeddable":true,"href":"https:\/\/www.rudex.de\/en\/wp-json\/wp\/v2\/comments\/?post=342"}],"version-history":[{"count":2,"href":"https:\/\/www.rudex.de\/en\/wp-json\/wp\/v2\/pages\/342\/revisions\/"}],"predecessor-version":[{"id":344,"href":"https:\/\/www.rudex.de\/en\/wp-json\/wp\/v2\/pages\/342\/revisions\/344\/"}],"wp:attachment":[{"href":"https:\/\/www.rudex.de\/en\/wp-json\/wp\/v2\/media\/?parent=342"}],"curies":[{"name":"wp","href":"https:\/\/api.w.org\/{rel}","templated":true}]}}