{"id":331,"date":"2019-10-16T20:24:02","date_gmt":"2019-10-16T18:24:02","guid":{"rendered":"https:\/\/www.rudex.de\/?page_id=331"},"modified":"2019-10-16T20:24:02","modified_gmt":"2019-10-16T18:24:02","slug":"gastronomy","status":"publish","type":"page","link":"https:\/\/www.rudex.de\/en\/gastronomy\/","title":{"rendered":"Gastronomy"},"content":{"rendered":"<h2>Ceramic floors for gastronomy<\/h2>\n<p>In gastronomy, a floor covering must be resilient in the dining room as well as behind the scenes in the kitchen. Fats, oils and other contaminants are part of the daily load on floors in the catering trade. In addition, the legal hygiene requirements for gastronomy floors pose great challenges. Normal floors cannot cope with these high loads. Plastic surfaces are attacked, concrete is difficult to clean due to its coarse pores and tiles cause problems due to insufficient load hardness and joints. Softer floors do not withstand heavy loads and daily public traffic. Here you get the ideal floor for the catering trade, which can be used in all areas of a catering business:<\/p>\n<ul>\n<li>Kitchen<\/li>\n<li>storerooms<\/li>\n<li>restaurant rooms<\/li>\n<li>cold storage rooms<\/li>\n<li>sanitary rooms<\/li>\n<li>lounges<\/li>\n<\/ul>\n<p>The floor coverings available here &#8211; in particular our porcelain stoneware &#8211; meet and exceed the legal requirements and ordinances, which regulate exactly how these must be designed for restaurants and caf\u00e9s. Requirements can be found in BGR I 12, Arbeitsst\u00e4tten-Richtlinie (ASR 8\/1), Arbeitssicherheitsinformation (ASI 4.40), the Lebensmittel- und Bedarfsgegenst\u00e4ndegesetz (LMBG), the Berufsgenossenschaftlichen Regel f\u00fcr Sicherheit und Gesundheit bei der Arbeit f\u00fcr kontaminierte Bereiche (BGR 128), the Lebensmittelhygiene-Verordnung (LMHV). The kitchens, for example, are required to meet these requirements:<\/p>\n<ul>\n<li>Durability and slip resistance<\/li>\n<li>Extreme hardness to protect against splintering<\/li>\n<li>Easy to clean, waterproof surfaces<\/li>\n<li>Bacteria-repellent acid, alkali and fat resistance<\/li>\n<li>Hygienic and resilient floors for the catering trade<\/li>\n<\/ul>\n<p>Porcelain stoneware is recommended for you as a gastronome. It is fire-sealed, hard-wearing, easy to clean and provides full slip resistance. Porcelain stoneware also cannot become electrostatically charged. Heavy equipment leaves no traces on these floor tiles as they allow a high point load. Due to the hard and densely fired ceramic material, water can still penetrate the floor surface with oils, fats or acids, which prevents the colonisation of bacteria and makes cleaning child&#8217;s play.<\/p>\n<h3>The advantages of industrial floors for gastronomy:<\/h3>\n<ul>\n<li>Fast, precise and economical installation without joints<\/li>\n<li>Abrasion resistant<\/li>\n<li>fireproof<\/li>\n<li>Polished<\/li>\n<li>Colourfast<\/li>\n<li>Exceptional resilience<\/li>\n<li>Antistatic<\/li>\n<li>Water-, acid- and chemical-resistant<\/li>\n<li>slip-resistant<\/li>\n<li>Frost-resistant<\/li>\n<li>Optically appealing<\/li>\n<\/ul>\n<p>Take advantage of our know-how from more than 20 years of experience in the field of sophisticated industrial flooring for the catering trade. Simply make an appointment using our contact form or let us advise you in advance free of charge and without obligation.<\/p>\n<p>We will also be happy to send you a free product folder with which you can obtain an overview of our range of products in an attractive design.<\/p>\n","protected":false},"excerpt":{"rendered":"<p>Ceramic floors for gastronomy In gastronomy, a floor covering must be resilient in the dining room as well as behind the scenes in the kitchen. Fats, oils and other contaminants are part of the daily load on floors in the catering trade. In addition, the legal hygiene requirements for gastronomy floors pose great challenges. Normal [&hellip;]<\/p>\n","protected":false},"author":1,"featured_media":0,"parent":0,"menu_order":0,"comment_status":"closed","ping_status":"closed","template":"","meta":[],"acf":[],"yoast_head":"<!-- This site is optimized with the Yoast SEO plugin v19.7.2 - https:\/\/yoast.com\/wordpress\/plugins\/seo\/ -->\n<title>\u1405 Industrial tiles for gastronomy - commercial tiles<\/title>\n<meta name=\"description\" content=\"Are you looking for commercial tiles for gastronomy? We have the suitable Instriefliesen for gastronomy! Contact us now.\" \/>\n<meta name=\"robots\" content=\"index, follow, max-snippet:-1, max-image-preview:large, max-video-preview:-1\" \/>\n<link rel=\"canonical\" href=\"https:\/\/www.rudex.de\/en\/gastronomy\/\" \/>\n<meta property=\"og:locale\" content=\"en_US\" \/>\n<meta property=\"og:type\" content=\"article\" \/>\n<meta property=\"og:title\" content=\"\u1405 Industrial tiles for gastronomy - commercial tiles\" \/>\n<meta property=\"og:description\" content=\"Are you looking for commercial tiles for gastronomy? We have the suitable Instriefliesen for gastronomy! Contact us now.\" \/>\n<meta property=\"og:url\" content=\"https:\/\/www.rudex.de\/en\/gastronomy\/\" \/>\n<meta property=\"og:site_name\" content=\"Rudex\" \/>\n<meta name=\"twitter:card\" content=\"summary_large_image\" \/>\n<meta name=\"twitter:label1\" content=\"Est. reading time\" \/>\n\t<meta name=\"twitter:data1\" content=\"2 minutes\" \/>\n<script type=\"application\/ld+json\" class=\"yoast-schema-graph\">{\"@context\":\"https:\/\/schema.org\",\"@graph\":[{\"@type\":\"WebPage\",\"@id\":\"https:\/\/www.rudex.de\/en\/gastronomy\/\",\"url\":\"https:\/\/www.rudex.de\/en\/gastronomy\/\",\"name\":\"\u1405 Industrial tiles for gastronomy - commercial tiles\",\"isPartOf\":{\"@id\":\"https:\/\/www.rudex.de\/en\/#website\"},\"datePublished\":\"2019-10-16T18:24:02+00:00\",\"dateModified\":\"2019-10-16T18:24:02+00:00\",\"description\":\"Are you looking for commercial tiles for gastronomy? We have the suitable Instriefliesen for gastronomy! Contact us now.\",\"breadcrumb\":{\"@id\":\"https:\/\/www.rudex.de\/en\/gastronomy\/#breadcrumb\"},\"inLanguage\":\"en-US\",\"potentialAction\":[{\"@type\":\"ReadAction\",\"target\":[\"https:\/\/www.rudex.de\/en\/gastronomy\/\"]}]},{\"@type\":\"BreadcrumbList\",\"@id\":\"https:\/\/www.rudex.de\/en\/gastronomy\/#breadcrumb\",\"itemListElement\":[{\"@type\":\"ListItem\",\"position\":1,\"name\":\"Startseite\",\"item\":\"https:\/\/www.rudex.de\/en\/\"},{\"@type\":\"ListItem\",\"position\":2,\"name\":\"Gastronomy\"}]},{\"@type\":\"WebSite\",\"@id\":\"https:\/\/www.rudex.de\/en\/#website\",\"url\":\"https:\/\/www.rudex.de\/en\/\",\"name\":\"Rudex\",\"description\":\"RUDEX IMPORT-EXPORT GMBH\",\"potentialAction\":[{\"@type\":\"SearchAction\",\"target\":{\"@type\":\"EntryPoint\",\"urlTemplate\":\"https:\/\/www.rudex.de\/en\/?s={search_term_string}\"},\"query-input\":\"required name=search_term_string\"}],\"inLanguage\":\"en-US\"}]}<\/script>\n<!-- \/ Yoast SEO plugin. -->","yoast_head_json":{"title":"\u1405 Industrial tiles for gastronomy - commercial tiles","description":"Are you looking for commercial tiles for gastronomy? We have the suitable Instriefliesen for gastronomy! Contact us now.","robots":{"index":"index","follow":"follow","max-snippet":"max-snippet:-1","max-image-preview":"max-image-preview:large","max-video-preview":"max-video-preview:-1"},"canonical":"https:\/\/www.rudex.de\/en\/gastronomy\/","og_locale":"en_US","og_type":"article","og_title":"\u1405 Industrial tiles for gastronomy - commercial tiles","og_description":"Are you looking for commercial tiles for gastronomy? We have the suitable Instriefliesen for gastronomy! Contact us now.","og_url":"https:\/\/www.rudex.de\/en\/gastronomy\/","og_site_name":"Rudex","twitter_card":"summary_large_image","twitter_misc":{"Est. reading time":"2 minutes"},"schema":{"@context":"https:\/\/schema.org","@graph":[{"@type":"WebPage","@id":"https:\/\/www.rudex.de\/en\/gastronomy\/","url":"https:\/\/www.rudex.de\/en\/gastronomy\/","name":"\u1405 Industrial tiles for gastronomy - commercial tiles","isPartOf":{"@id":"https:\/\/www.rudex.de\/en\/#website"},"datePublished":"2019-10-16T18:24:02+00:00","dateModified":"2019-10-16T18:24:02+00:00","description":"Are you looking for commercial tiles for gastronomy? We have the suitable Instriefliesen for gastronomy! Contact us now.","breadcrumb":{"@id":"https:\/\/www.rudex.de\/en\/gastronomy\/#breadcrumb"},"inLanguage":"en-US","potentialAction":[{"@type":"ReadAction","target":["https:\/\/www.rudex.de\/en\/gastronomy\/"]}]},{"@type":"BreadcrumbList","@id":"https:\/\/www.rudex.de\/en\/gastronomy\/#breadcrumb","itemListElement":[{"@type":"ListItem","position":1,"name":"Startseite","item":"https:\/\/www.rudex.de\/en\/"},{"@type":"ListItem","position":2,"name":"Gastronomy"}]},{"@type":"WebSite","@id":"https:\/\/www.rudex.de\/en\/#website","url":"https:\/\/www.rudex.de\/en\/","name":"Rudex","description":"RUDEX IMPORT-EXPORT GMBH","potentialAction":[{"@type":"SearchAction","target":{"@type":"EntryPoint","urlTemplate":"https:\/\/www.rudex.de\/en\/?s={search_term_string}"},"query-input":"required name=search_term_string"}],"inLanguage":"en-US"}]}},"_links":{"self":[{"href":"https:\/\/www.rudex.de\/en\/wp-json\/wp\/v2\/pages\/331\/"}],"collection":[{"href":"https:\/\/www.rudex.de\/en\/wp-json\/wp\/v2\/pages\/"}],"about":[{"href":"https:\/\/www.rudex.de\/en\/wp-json\/wp\/v2\/types\/page\/"}],"author":[{"embeddable":true,"href":"https:\/\/www.rudex.de\/en\/wp-json\/wp\/v2\/users\/1\/"}],"replies":[{"embeddable":true,"href":"https:\/\/www.rudex.de\/en\/wp-json\/wp\/v2\/comments\/?post=331"}],"version-history":[{"count":2,"href":"https:\/\/www.rudex.de\/en\/wp-json\/wp\/v2\/pages\/331\/revisions\/"}],"predecessor-version":[{"id":333,"href":"https:\/\/www.rudex.de\/en\/wp-json\/wp\/v2\/pages\/331\/revisions\/333\/"}],"wp:attachment":[{"href":"https:\/\/www.rudex.de\/en\/wp-json\/wp\/v2\/media\/?parent=331"}],"curies":[{"name":"wp","href":"https:\/\/api.w.org\/{rel}","templated":true}]}}